{"id":9,"date":"2025-04-16T07:37:40","date_gmt":"2025-04-16T07:37:40","guid":{"rendered":"http:\/\/localhost:8884\/?page_id=9"},"modified":"2025-04-16T07:37:40","modified_gmt":"2025-04-16T07:37:40","slug":"homepage","status":"publish","type":"page","link":"https:\/\/mindfitproject.eu\/","title":{"rendered":"Homepage"},"content":{"rendered":"\n<div class=\"wp-block-cover alignfull is-light has-lightgrey-color has-text-color has-link-color wp-elements-131d77048ecd9eeac9a704c489ac6a01\" style=\"min-height:100vh;aspect-ratio:unset;\"><img loading=\"lazy\" decoding=\"async\" width=\"1200\" height=\"924\" class=\"wp-block-cover__image-background wp-image-31 size-full\" alt=\"\" src=\"http:\/\/localhost:8884\/wp-content\/uploads\/2025\/04\/Minfit_logo_gradient-2-e1744789751494.jpg\" style=\"object-position:50% 28%\" data-object-fit=\"cover\" data-object-position=\"50% 28%\" srcset=\"https:\/\/mindfitproject.eu\/wp-content\/uploads\/2025\/04\/Minfit_logo_gradient-2-e1744789751494.jpg 1200w, https:\/\/mindfitproject.eu\/wp-content\/uploads\/2025\/04\/Minfit_logo_gradient-2-e1744789751494-300x231.jpg 300w, https:\/\/mindfitproject.eu\/wp-content\/uploads\/2025\/04\/Minfit_logo_gradient-2-e1744789751494-1024x788.jpg 1024w, https:\/\/mindfitproject.eu\/wp-content\/uploads\/2025\/04\/Minfit_logo_gradient-2-e1744789751494-768x591.jpg 768w\" sizes=\"auto, (max-width: 1200px) 100vw, 1200px\" \/><span aria-hidden=\"true\" class=\"wp-block-cover__background has-background-dim-20 has-background-dim\" style=\"background-color:#dbcdc4\"><\/span><div class=\"wp-block-cover__inner-container has-global-padding is-layout-constrained wp-block-cover-is-layout-constrained\">\n<div style=\"height:368px\" aria-hidden=\"true\" class=\"wp-block-spacer\"><\/div>\n\n\n\n<p class=\"has-text-align-center has-white-color has-text-color\" style=\"border-style:none;border-width:0px;font-size:clamp(16.293px, 1.018rem + ((1vw - 3.2px) * 0.771), 25px);\">MindFit donosi strukturirani pristup podr\u0161ci mentalnom zdravlju u sportu \u2014 jer zdrav um je jednako va\u017ean kao i sna\u017eno tijelo.<\/p>\n<\/div><\/div>\n\n\n\n<div class=\"wp-block-group has-global-padding is-layout-constrained wp-block-group-is-layout-constrained\"><\/div>\n\n\n\n<div class=\"wp-block-group is-content-justification-center is-nowrap is-layout-flex wp-container-core-group-is-layout-23441af8 wp-block-group-is-layout-flex\">\n<div class=\"wp-block-columns has-large-font-size is-layout-flex wp-container-core-columns-is-layout-be4ad24f wp-block-columns-is-layout-flex\" style=\"padding-right:var(--wp--preset--spacing--x-large);padding-left:var(--wp--preset--spacing--x-large)\">\n<div class=\"wp-block-column is-layout-flow wp-block-column-is-layout-flow\" style=\"padding-right:0;padding-left:0\">\n<div class=\"wp-block-uagb-counter uagb-block-cc218006 wp-block-uagb-counter--number\"><div class=\"wp-block-uagb-counter__number\"><span class=\"uagb-counter-block-number\" data-duration=\"1.5\" data-to-value=\"50\" data-from-value=\"0\" data-delimiter=\",\"><\/span><span class=\"uagb-counter-block-suffix\">%<\/span><\/div><div class=\"wp-block-uagb-counter__title\">Sporta\u0161a izbjegava tra\u017eiti psiholo\u0161ku pomo\u0107 od stigme.<\/div><\/div>\n<\/div>\n\n\n\n<div class=\"wp-block-column is-layout-flow wp-block-column-is-layout-flow\">\n<div class=\"wp-block-uagb-counter uagb-block-dce04118 wp-block-uagb-counter--number\"><div class=\"wp-block-uagb-counter__number\"><span class=\"uagb-counter-block-number\" data-duration=\"1.5\" data-to-value=\"40\" data-from-value=\"0\" data-delimiter=\",\"><\/span><span class=\"uagb-counter-block-suffix\">%<\/span><\/div><div class=\"wp-block-uagb-counter__title\">Sporta\u0161a do\u017eivljava visoku razinu sresa zbog rezutata.<\/div><\/div>\n<\/div>\n<\/div>\n<\/div>\n\n\n\n<div class=\"wp-block-cover alignfull is-light has-parallax is-position-center-center\" style=\"border-radius:0px\"><div class=\"wp-block-cover__image-background wp-image-167 size-full has-parallax\" style=\"background-position:12% 46%;background-image:url(http:\/\/localhost:8884\/wp-content\/uploads\/2025\/04\/kos\u030carkas\u030cki-teren-1.png)\"><\/div><span aria-hidden=\"true\" class=\"wp-block-cover__background has-primary-background-color has-background-dim-0 has-background-dim\"><\/span><div class=\"wp-block-cover__inner-container is-layout-flow wp-block-cover-is-layout-flow\">\n<div class=\"wp-block-group has-global-padding is-layout-constrained wp-block-group-is-layout-constrained\">\n<h3 class=\"wp-block-heading has-text-align-center has-white-color has-text-color has-link-color has-medium-font-size wp-elements-22d0c9dd0dcac2d7c7c8345f681b346f\" style=\"text-transform:uppercase\"><strong>Moods and Feelings Questionnaire (MFQ)<\/strong><\/h3>\n\n\n\n<p class=\"has-text-align-center has-white-color has-text-color\">Jedan od klju\u010dnih alata u MindFit programu je\u00a0<strong>MFQ \u2013 Upitnik o raspolo\u017eenju i osje\u0107ajima<\/strong>, znanstveno utemeljen instrument koji se koristi za procjenu simptoma depresije kod adolescenata.<\/p>\n\n\n\n<div style=\"height:31px\" aria-hidden=\"true\" class=\"wp-block-spacer\"><\/div>\n\n\n\n<div class=\"wp-block-buttons is-horizontal is-content-justification-center is-layout-flex wp-container-core-buttons-is-layout-03627597 wp-block-buttons-is-layout-flex\">\n<div class=\"wp-block-button is-style-outline is-style-outline--1\"><a class=\"wp-block-button__link has-white-color has-text-color wp-element-button\" style=\"border-radius:0px\">Rije\u0161i odmah<\/a><\/div>\n<\/div>\n<\/div>\n<\/div><\/div>\n\n\n\n<div id=\"services\" class=\"wp-block-group alignfull pattern_multiple_covers has-background has-global-padding is-layout-constrained wp-block-group-is-layout-constrained\">\n<div style=\"height:84px\" aria-hidden=\"true\" class=\"wp-block-spacer\"><\/div>\n\n\n\n<p class=\"has-text-align-left\"><strong>MindFit<\/strong>&nbsp;je me\u0111unarodni Erasmus+ projekt (101181079 \u2014 ERASMUS-SPORT-2024) osmi\u0161ljen kao odgovor na rastu\u0107e izazove mentalnog zdravlja me\u0111u mladim sporta\u0161ima. Projekt nastaje kao nastavak inicijative&nbsp;<em>Building Resilience<\/em>&nbsp;te okuplja stru\u010dnjake iz Hrvatske i \u0160panjolske s ciljem razvoja prakti\u010dnih alata, edukacija i resursa za sporta\u0161e, trenere i sportske organizacije.<\/p>\n\n\n\n<div style=\"height:103px\" aria-hidden=\"true\" class=\"wp-block-spacer\"><\/div>\n\n\n\n<div class=\"wp-block-columns is-layout-flex wp-container-core-columns-is-layout-28f84493 wp-block-columns-is-layout-flex\">\n<div class=\"wp-block-column is-layout-flow wp-block-column-is-layout-flow\" style=\"padding-top:0;padding-right:0;padding-bottom:0;padding-left:0\">\n<div class=\"wp-block-cover has-custom-content-position is-position-bottom-left\" style=\"padding-top:var(--wp--preset--spacing--small);padding-right:var(--wp--preset--spacing--x-small);padding-bottom:var(--wp--preset--spacing--small);padding-left:var(--wp--preset--spacing--x-small)\"><img loading=\"lazy\" decoding=\"async\" width=\"1024\" height=\"1024\" class=\"wp-block-cover__image-background wp-image-153 size-large\" alt=\"\" src=\"http:\/\/localhost:8884\/wp-content\/uploads\/2025\/04\/8-1024x1024.jpg\" style=\"object-position:18% 49%\" data-object-fit=\"cover\" data-object-position=\"18% 49%\" srcset=\"https:\/\/mindfitproject.eu\/wp-content\/uploads\/2025\/04\/8-1024x1024.jpg 1024w, https:\/\/mindfitproject.eu\/wp-content\/uploads\/2025\/04\/8-300x300.jpg 300w, https:\/\/mindfitproject.eu\/wp-content\/uploads\/2025\/04\/8-150x150.jpg 150w, https:\/\/mindfitproject.eu\/wp-content\/uploads\/2025\/04\/8.jpg 1080w\" sizes=\"auto, (max-width: 1024px) 100vw, 1024px\" \/><span aria-hidden=\"true\" class=\"wp-block-cover__background has-primary-background-color has-background-dim-0 has-background-dim\"><\/span><div class=\"wp-block-cover__inner-container is-layout-flow wp-block-cover-is-layout-flow\">\n<p><\/p>\n<\/div><\/div>\n<\/div>\n\n\n\n<div class=\"wp-block-column is-layout-flow wp-block-column-is-layout-flow\" style=\"padding-top:0;padding-right:0;padding-bottom:0;padding-left:0\">\n<div class=\"wp-block-cover is-light has-custom-content-position is-position-bottom-left\" style=\"padding-top:var(--wp--preset--spacing--small);padding-right:var(--wp--preset--spacing--x-small);padding-bottom:var(--wp--preset--spacing--small);padding-left:var(--wp--preset--spacing--x-small)\"><img loading=\"lazy\" decoding=\"async\" width=\"1024\" height=\"1024\" class=\"wp-block-cover__image-background wp-image-154 size-large\" alt=\"\" src=\"http:\/\/localhost:8884\/wp-content\/uploads\/2025\/04\/1-1024x1024.jpg\" data-object-fit=\"cover\" srcset=\"https:\/\/mindfitproject.eu\/wp-content\/uploads\/2025\/04\/1-1024x1024.jpg 1024w, https:\/\/mindfitproject.eu\/wp-content\/uploads\/2025\/04\/1-300x300.jpg 300w, https:\/\/mindfitproject.eu\/wp-content\/uploads\/2025\/04\/1-150x150.jpg 150w, https:\/\/mindfitproject.eu\/wp-content\/uploads\/2025\/04\/1.jpg 1080w\" sizes=\"auto, (max-width: 1024px) 100vw, 1024px\" \/><span aria-hidden=\"true\" class=\"wp-block-cover__background has-primary-background-color has-background-dim-0 has-background-dim\"><\/span><div class=\"wp-block-cover__inner-container is-layout-flow wp-block-cover-is-layout-flow\">\n<p class=\"has-text-align-center has-large-font-size\"><\/p>\n<\/div><\/div>\n<\/div>\n\n\n\n<div class=\"wp-block-column is-layout-flow wp-block-column-is-layout-flow\" style=\"padding-top:0;padding-right:0;padding-bottom:0;padding-left:0\">\n<div class=\"wp-block-cover is-light has-custom-content-position is-position-bottom-left\" style=\"padding-top:var(--wp--preset--spacing--small);padding-right:var(--wp--preset--spacing--x-small);padding-bottom:var(--wp--preset--spacing--small);padding-left:var(--wp--preset--spacing--x-small)\"><img loading=\"lazy\" decoding=\"async\" width=\"1024\" height=\"1024\" class=\"wp-block-cover__image-background wp-image-155 size-large\" alt=\"\" src=\"http:\/\/localhost:8884\/wp-content\/uploads\/2025\/04\/9-1024x1024.jpg\" style=\"object-position:25% 56%\" data-object-fit=\"cover\" data-object-position=\"25% 56%\" srcset=\"https:\/\/mindfitproject.eu\/wp-content\/uploads\/2025\/04\/9-1024x1024.jpg 1024w, https:\/\/mindfitproject.eu\/wp-content\/uploads\/2025\/04\/9-300x300.jpg 300w, https:\/\/mindfitproject.eu\/wp-content\/uploads\/2025\/04\/9-150x150.jpg 150w, https:\/\/mindfitproject.eu\/wp-content\/uploads\/2025\/04\/9.jpg 1080w\" sizes=\"auto, (max-width: 1024px) 100vw, 1024px\" \/><span aria-hidden=\"true\" class=\"wp-block-cover__background has-primary-background-color has-background-dim-0 has-background-dim\"><\/span><div class=\"wp-block-cover__inner-container is-layout-flow wp-block-cover-is-layout-flow\">\n<p class=\"has-text-align-center has-large-font-size\"><\/p>\n<\/div><\/div>\n<\/div>\n<\/div>\n\n\n\n<div style=\"height:46px\" aria-hidden=\"true\" class=\"wp-block-spacer\"><\/div>\n<\/div>\n\n\n\n<div class=\"wp-block-group alignfull has-global-padding is-layout-constrained wp-block-group-is-layout-constrained\">\n<div class=\"wp-block-group has-global-padding is-layout-constrained wp-block-group-is-layout-constrained\" style=\"padding-top:var(--wp--preset--spacing--small);padding-bottom:var(--wp--preset--spacing--small)\">\n<div style=\"height:30px\" aria-hidden=\"true\" class=\"wp-block-spacer\"><\/div>\n\n\n\n<div class=\"wp-block-columns is-layout-flex wp-container-core-columns-is-layout-c375d253 wp-block-columns-is-layout-flex\">\n<div class=\"wp-block-column is-vertically-aligned-center is-layout-flow wp-block-column-is-layout-flow\">\n<h2 class=\"wp-block-heading has-medium-font-size\" style=\"text-transform:uppercase\">Cilj projekta<\/h2>\n\n\n\n<p>Ciljevi projekta uklju\u010duju provo\u0111enje tromjese\u010dne analize potreba (Gap Analysis) koja uklju\u010duje konzultacije sa stru\u010dnjacima, ankete i intervjue kako bi se identificirale prepreke u pru\u017eanju mentalne podr\u0161ke u sportu. Na temelju dobivenih rezultata razvija se&nbsp;<strong>MindFit program<\/strong>&nbsp;\u2013 edukativni paket s 16 modula, online platformom i prate\u0107im alatima za samoprocjenu i edukaciju. Program \u0107e koristiti 90 mladih sporta\u0161a iz 6 sportskih klubova\/udruga, a 30 trenera iz Hrvatske i \u0160panjolske bit \u0107e osposobljeno za rad kroz trodnevnu edukaciju.<\/p>\n\n\n\n<div class=\"wp-block-buttons is-horizontal is-content-justification-left is-layout-flex wp-container-core-buttons-is-layout-20be11b6 wp-block-buttons-is-layout-flex\"><\/div>\n\n\n\n<p><\/p>\n<\/div>\n\n\n\n<div class=\"wp-block-column is-layout-flow wp-block-column-is-layout-flow\">\n<figure class=\"wp-block-image size-large\"><img loading=\"lazy\" decoding=\"async\" width=\"2464\" height=\"1856\" src=\"http:\/\/localhost:8884\/wp-content\/uploads\/2025\/04\/1-1024x771.png\" alt=\"\" class=\"wp-image-160\" srcset=\"https:\/\/mindfitproject.eu\/wp-content\/uploads\/2025\/04\/1-1024x771.png 1024w, https:\/\/mindfitproject.eu\/wp-content\/uploads\/2025\/04\/1-300x226.png 300w, https:\/\/mindfitproject.eu\/wp-content\/uploads\/2025\/04\/1-2000x1506.png 2000w\" sizes=\"auto, (max-width: 2464px) 100vw, 2464px\" \/><\/figure>\n<\/div>\n<\/div>\n\n\n\n<div style=\"height:30px\" aria-hidden=\"true\" class=\"wp-block-spacer\"><\/div>\n<\/div>\n<\/div>\n\n\n\n<div class=\"wp-block-group alignfull has-background has-global-padding is-layout-constrained wp-block-group-is-layout-constrained\">\n<div class=\"wp-block-group has-global-padding is-layout-constrained wp-block-group-is-layout-constrained\" style=\"padding-top:var(--wp--preset--spacing--small);padding-bottom:var(--wp--preset--spacing--small)\">\n<div style=\"height:30px\" aria-hidden=\"true\" class=\"wp-block-spacer\"><\/div>\n\n\n\n<div class=\"wp-block-columns are-vertically-aligned-center is-layout-flex wp-container-core-columns-is-layout-c375d253 wp-block-columns-is-layout-flex\">\n<div class=\"wp-block-column is-vertically-aligned-center is-layout-flow wp-block-column-is-layout-flow\">\n<figure class=\"wp-block-image size-large is-resized\"><img loading=\"lazy\" decoding=\"async\" width=\"1024\" height=\"1024\" src=\"http:\/\/localhost:8884\/wp-content\/uploads\/2025\/04\/2-1024x1024.jpg\" alt=\"\" class=\"wp-image-162\" style=\"width:500px;height:auto\" srcset=\"https:\/\/mindfitproject.eu\/wp-content\/uploads\/2025\/04\/2-1024x1024.jpg 1024w, https:\/\/mindfitproject.eu\/wp-content\/uploads\/2025\/04\/2-300x300.jpg 300w, https:\/\/mindfitproject.eu\/wp-content\/uploads\/2025\/04\/2-150x150.jpg 150w, https:\/\/mindfitproject.eu\/wp-content\/uploads\/2025\/04\/2-2000x2000.jpg 2000w\" sizes=\"auto, (max-width: 1024px) 100vw, 1024px\" \/><\/figure>\n<\/div>\n\n\n\n<div class=\"wp-block-column is-vertically-aligned-center is-layout-flow wp-block-column-is-layout-flow\">\n<p>Projekt tako\u0111er uklju\u010duje sna\u017enu kampanju osvje\u0161tavanja s ciljem dopiranja do vi\u0161e od 40.000 mladih, sporta\u0161a i trenera putem video sadr\u017eaja, blogova i objava na dru\u0161tvenim mre\u017eama.<\/p>\n\n\n\n<div class=\"wp-block-buttons is-layout-flex wp-block-buttons-is-layout-flex\"><\/div>\n<\/div>\n<\/div>\n\n\n\n<div style=\"height:30px\" aria-hidden=\"true\" class=\"wp-block-spacer\"><\/div>\n<\/div>\n<\/div>\n\n\n\n<div id=\"partners\" class=\"wp-block-group has-global-padding is-content-justification-center is-layout-constrained wp-container-core-group-is-layout-dc06fb1d wp-block-group-is-layout-constrained has-background\" style=\"border-style:none;border-width:0px;background-image:url(&#039;http:\/\/localhost:8884\/wp-content\/uploads\/2025\/04\/gradient_1-2-scaled.png&#039;);background-size:cover;\">\n<div style=\"height:80px\" aria-hidden=\"true\" class=\"wp-block-spacer\"><\/div>\n\n\n\n<div class=\"wp-block-group has-global-padding is-content-justification-left is-layout-constrained wp-container-core-group-is-layout-5d29898d wp-block-group-is-layout-constrained\" style=\"padding-top:0px;padding-right:0;padding-bottom:var(--wp--preset--spacing--small);padding-left:0\">\n<div class=\"wp-block-columns is-layout-flex wp-container-core-columns-is-layout-28f84493 wp-block-columns-is-layout-flex\">\n<div class=\"wp-block-column is-layout-flow wp-block-column-is-layout-flow\" style=\"flex-basis:60%\">\n<div style=\"height:20px\" aria-hidden=\"true\" class=\"wp-block-spacer\"><\/div>\n\n\n\n<h2 class=\"wp-block-heading has-text-align-left\"><strong>\u0160to ka\u017eu sporta\u0161i, treneri i stru\u010dnjaci?<\/strong><\/h2>\n<\/div>\n\n\n\n<div class=\"wp-block-column is-layout-flow wp-block-column-is-layout-flow\" style=\"flex-basis:40%\"><\/div>\n<\/div>\n<\/div>\n\n\n\n<div class=\"wp-block-group has-global-padding is-layout-constrained wp-block-group-is-layout-constrained\">\n<div class=\"wp-block-columns is-layout-flex wp-container-core-columns-is-layout-28f84493 wp-block-columns-is-layout-flex\">\n<div class=\"wp-block-column is-layout-flow wp-block-column-is-layout-flow\">\n<blockquote class=\"wp-block-quote is-style-plain is-layout-flow wp-block-quote-is-layout-flow\">\n<p>\u201cMentalna priprema poma\u017ee sporta\u0161ima da ostanu fokusirani i smanje anksioznost.\u201d<\/p>\n\n\n\n<p><br>\u2014&nbsp;<em>Sportski psiholog<\/em><\/p>\n<\/blockquote>\n<\/div>\n\n\n\n<div class=\"wp-block-column is-layout-flow wp-block-column-is-layout-flow\">\n<blockquote class=\"wp-block-quote is-style-plain is-layout-flow wp-block-quote-is-layout-flow\">\n<p>\u201cTrudim se podr\u017eati dijete bez pritiska i slu\u0161ati njegove potrebe.\u201d<\/p>\n\n\n\n<p><br>\u2014&nbsp;<em>Roditelj mladog sporta\u0161a<\/em><\/p>\n<\/blockquote>\n<\/div>\n\n\n\n<div class=\"wp-block-column is-layout-flow wp-block-column-is-layout-flow\">\n<blockquote class=\"wp-block-quote is-style-plain is-layout-flow wp-block-quote-is-layout-flow\">\n<p>\u201cFokusiram se na proces, ne na rezultat. To mi poma\u017ee da se nosim s pritiskom.\u201d<\/p>\n\n\n\n<p class=\"has-small-font-size\"><br>\u2014&nbsp;<em>Profesionalni sporta\u0161<\/em><\/p>\n<\/blockquote>\n<\/div>\n<\/div>\n<\/div>\n\n\n\n<div style=\"height:100px\" aria-hidden=\"true\" class=\"wp-block-spacer\"><\/div>\n<\/div>\n\n\n\n<div id=\"team\" class=\"wp-block-group has-global-padding is-layout-constrained wp-block-group-is-layout-constrained\">\n<div class=\"wp-block-group is-layout-flow wp-block-group-is-layout-flow\">\n<div style=\"height:74px\" aria-hidden=\"true\" class=\"wp-block-spacer\"><\/div>\n\n\n\n<h2 class=\"wp-block-heading\"><strong>\ud83d\udca1&nbsp;Za\u0161to MindFit?<\/strong><\/h2>\n\n\n\n<div style=\"height:0px\" aria-hidden=\"true\" class=\"wp-block-spacer\"><\/div>\n\n\n\n<div style=\"height:8px\" aria-hidden=\"true\" class=\"wp-block-spacer\"><\/div>\n\n\n\n<p>\u2705 Znanstveno utemeljen pristup<\/p>\n\n\n\n<p>\ud83c\udf0d Me\u0111unarodna validacija (HR + ES)<\/p>\n\n\n\n<p>\ud83d\udc66 Usmjereno na dobnu skupinu 10\u201318<\/p>\n\n\n\n<p>\ud83d\udee0\ufe0f Prakti\u010dni alati koji se lako primjenjuju<\/p>\n\n\n\n<p>\ud83d\udcac Fokus na destigmatizaciju i otvoren dijalog<\/p>\n\n\n\n<p><strong>MindFit<\/strong>&nbsp;donosi alate i znanja koja stvaraju razliku \u2013 jer zdrav um je jednako va\u017ean kao i sna\u017eno tijelo.<\/p>\n\n\n\n<div class=\"wp-block-uagb-separator uagb-block-82351fa7\"><div class=\"wp-block-uagb-separator__inner\" style=\"--my-background-image:\"><\/div><\/div>\n\n\n\n<div class=\"wp-block-uagb-buttons uagb-buttons__outer-wrap uagb-btn__default-btn uagb-btn-tablet__default-btn uagb-btn-mobile__default-btn uagb-block-26234b87\"><div class=\"uagb-buttons__wrap uagb-buttons-layout-wrap \">\n<div class=\"wp-block-uagb-buttons-child uagb-buttons__outer-wrap uagb-block-fdf8ed7f wp-block-button\"><div class=\"uagb-button__wrapper\"><a class=\"uagb-buttons-repeater wp-block-button__link\" aria-label=\"\" href=\"#\" rel=\"follow noopener\" target=\"_self\" role=\"button\"><div class=\"uagb-button__link\">VIDI VI\u0160E&#8230;<\/div><\/a><\/div><\/div>\n<\/div><\/div>\n<\/div>\n<\/div>\n\n\n\n<p><\/p>\n","protected":false},"excerpt":{"rendered":"<p>MindFit&nbsp;je me\u0111unarodni Erasmus+ projekt (101181079 \u2014 ERASMUS-SPORT-2024) osmi\u0161ljen kao odgovor na rastu\u0107e izazove mentalnog zdravlja me\u0111u mladim sporta\u0161ima. Projekt nastaje kao nastavak inicijative&nbsp;Building Resilience&nbsp;te okuplja stru\u010dnjake iz Hrvatske i \u0160panjolske s ciljem razvoja prakti\u010dnih alata, edukacija i resursa za sporta\u0161e, trenere i sportske organizacije. Cilj projekta Ciljevi projekta uklju\u010duju provo\u0111enje tromjese\u010dne analize potreba (Gap Analysis) &hellip; <\/p>\n<p class=\"link-more\"><a href=\"https:\/\/mindfitproject.eu\/\" class=\"more-link\">Read more<span class=\"screen-reader-text\"> &#8220;Homepage&#8221;<\/span><\/a><\/p>\n","protected":false},"author":2,"featured_media":0,"parent":0,"menu_order":0,"comment_status":"closed","ping_status":"closed","template":"page-templates\/homepage-no-hero.php","meta":{"_uag_custom_page_level_css":"","footnotes":""},"class_list":["post-9","page","type-page","status-publish","hentry"],"uagb_featured_image_src":{"full":false,"thumbnail":false,"medium":false,"medium_large":false,"large":false,"1536x1536":false,"2048x2048":false,"inspiro-featured-image":false,"inspiro-loop":false,"inspiro-loop@2x":false},"uagb_author_info":{"display_name":"Martina","author_link":"https:\/\/mindfitproject.eu\/?author=2"},"uagb_comment_info":0,"uagb_excerpt":"MindFit&nbsp;je me\u0111unarodni Erasmus+ projekt (101181079 \u2014 ERASMUS-SPORT-2024) osmi\u0161ljen kao odgovor na rastu\u0107e izazove mentalnog zdravlja me\u0111u mladim sporta\u0161ima. Projekt nastaje kao nastavak inicijative&nbsp;Building Resilience&nbsp;te okuplja stru\u010dnjake iz Hrvatske i \u0160panjolske s ciljem razvoja prakti\u010dnih alata, edukacija i resursa za sporta\u0161e, trenere i sportske organizacije. Cilj projekta Ciljevi projekta uklju\u010duju provo\u0111enje tromjese\u010dne analize potreba (Gap Analysis)&hellip;","_links":{"self":[{"href":"https:\/\/mindfitproject.eu\/index.php?rest_route=\/wp\/v2\/pages\/9","targetHints":{"allow":["GET"]}}],"collection":[{"href":"https:\/\/mindfitproject.eu\/index.php?rest_route=\/wp\/v2\/pages"}],"about":[{"href":"https:\/\/mindfitproject.eu\/index.php?rest_route=\/wp\/v2\/types\/page"}],"author":[{"embeddable":true,"href":"https:\/\/mindfitproject.eu\/index.php?rest_route=\/wp\/v2\/users\/2"}],"replies":[{"embeddable":true,"href":"https:\/\/mindfitproject.eu\/index.php?rest_route=%2Fwp%2Fv2%2Fcomments&post=9"}],"version-history":[{"count":0,"href":"https:\/\/mindfitproject.eu\/index.php?rest_route=\/wp\/v2\/pages\/9\/revisions"}],"wp:attachment":[{"href":"https:\/\/mindfitproject.eu\/index.php?rest_route=%2Fwp%2Fv2%2Fmedia&parent=9"}],"curies":[{"name":"wp","href":"https:\/\/api.w.org\/{rel}","templated":true}]}}