{"id":118,"date":"2025-04-27T17:05:08","date_gmt":"2025-04-27T17:05:08","guid":{"rendered":"http:\/\/localhost:8884\/?page_id=118"},"modified":"2025-04-30T15:17:20","modified_gmt":"2025-04-30T15:17:20","slug":"istrazivanje-i-rezultati","status":"publish","type":"page","link":"https:\/\/mindfitproject.eu\/?page_id=118","title":{"rendered":"Istra\u017eivanje i rezultati"},"content":{"rendered":"\n<p>Istra\u017eivanje mentalnog zdravlja provedeno je pomo\u0107u\u00a0<strong>skra\u0107ene verzije MFQ upitnika (Moods and Feelings Questionnaire)<\/strong>, koji mjeri simptome depresije kod adolescenata. Uz kvantitativne metode, kori\u0161tene su i kvalitativne \u2013 intervjui sa sporta\u0161ima, trenerima, roditeljima i stru\u010dnjacima te konzultacije sa stakeholderima.<\/p>\n\n\n\n<p><strong>Klju\u010dni nalazi:<\/strong><\/p>\n\n\n\n<ul class=\"wp-block-list\">\n<li><strong>501 ispitanik<\/strong>&nbsp;(300 iz Hrvatske, 201 iz \u0160panjolske)<\/li>\n\n\n\n<li><strong>59,2% hrvatskih adolescenata<\/strong>&nbsp;bez depresivnih simptoma<\/li>\n\n\n\n<li><strong>47% \u0161panjolskih adolescenata<\/strong>&nbsp;pokazuje umjerene simptome<\/li>\n\n\n\n<li>Simptomi depresije se pove\u0107avaju s dobi \u2013 najizra\u017eeniji su u skupini 16\u201318 godina<\/li>\n\n\n\n<li>Te\u0161ki simptomi prisutni kod&nbsp;<strong>7,8% hrvatskih i 1,5% \u0161panjolskih ispitanika<\/strong><\/li>\n<\/ul>\n\n\n\n<p>Ovi podaci jasno ukazuju na potrebu za ranim prepoznavanjem simptoma i uvo\u0111enjem strukturirane podr\u0161ke.<\/p>\n\n\n\n<p>Rezultati statisi\u010dke obrade kvantitativne analize istra\u017eivanja projekta:<\/p>\n\n\n\n<div class=\"wp-block-uagb-image aligncenter uagb-block-7a84789f wp-block-uagb-image--layout-default wp-block-uagb-image--effect-static wp-block-uagb-image--align-center\"><figure class=\"wp-block-uagb-image__figure\"><img decoding=\"async\" srcset=\"https:\/\/mindfitproject.eu\/wp-content\/uploads\/2025\/04\/Slika-zaslona-2025-04-30-u-17.10.49-1024x658.png ,https:\/\/mindfitproject.eu\/wp-content\/uploads\/2025\/04\/Slika-zaslona-2025-04-30-u-17.10.49.png 780w, https:\/\/mindfitproject.eu\/wp-content\/uploads\/2025\/04\/Slika-zaslona-2025-04-30-u-17.10.49.png 360w\" sizes=\"auto, (max-width: 480px) 150px\" src=\"https:\/\/mindfitproject.eu\/wp-content\/uploads\/2025\/04\/Slika-zaslona-2025-04-30-u-17.10.49-1024x658.png\" alt=\"\" class=\"uag-image-191\" width=\"1024\" height=\"658\" title=\"Slika zaslona 2025-04-30 u 17.10.49\" loading=\"lazy\" role=\"img\"\/><\/figure><\/div>\n\n\n\n<figure class=\"wp-block-image size-full\"><img loading=\"lazy\" decoding=\"async\" width=\"914\" height=\"664\" src=\"https:\/\/mindfitproject.eu\/wp-content\/uploads\/2025\/04\/Slika-zaslona-2025-04-30-u-17.12.20.png\" alt=\"\" class=\"wp-image-193\" srcset=\"https:\/\/mindfitproject.eu\/wp-content\/uploads\/2025\/04\/Slika-zaslona-2025-04-30-u-17.12.20.png 914w, https:\/\/mindfitproject.eu\/wp-content\/uploads\/2025\/04\/Slika-zaslona-2025-04-30-u-17.12.20-300x218.png 300w\" sizes=\"auto, (max-width: 914px) 100vw, 914px\" \/><\/figure>\n\n\n\n<figure class=\"wp-block-image size-full\"><img loading=\"lazy\" decoding=\"async\" width=\"946\" height=\"674\" src=\"https:\/\/mindfitproject.eu\/wp-content\/uploads\/2025\/04\/Slika-zaslona-2025-04-30-u-17.12.27.png\" alt=\"\" class=\"wp-image-194\" srcset=\"https:\/\/mindfitproject.eu\/wp-content\/uploads\/2025\/04\/Slika-zaslona-2025-04-30-u-17.12.27.png 946w, https:\/\/mindfitproject.eu\/wp-content\/uploads\/2025\/04\/Slika-zaslona-2025-04-30-u-17.12.27-300x214.png 300w\" sizes=\"auto, (max-width: 946px) 100vw, 946px\" \/><\/figure>\n\n\n\n<figure class=\"wp-block-image size-full\"><img loading=\"lazy\" decoding=\"async\" width=\"1042\" height=\"762\" src=\"https:\/\/mindfitproject.eu\/wp-content\/uploads\/2025\/04\/Slika-zaslona-2025-04-30-u-17.12.34.png\" alt=\"\" class=\"wp-image-195\" srcset=\"https:\/\/mindfitproject.eu\/wp-content\/uploads\/2025\/04\/Slika-zaslona-2025-04-30-u-17.12.34.png 1042w, https:\/\/mindfitproject.eu\/wp-content\/uploads\/2025\/04\/Slika-zaslona-2025-04-30-u-17.12.34-300x219.png 300w, https:\/\/mindfitproject.eu\/wp-content\/uploads\/2025\/04\/Slika-zaslona-2025-04-30-u-17.12.34-1024x749.png 1024w\" sizes=\"auto, (max-width: 1042px) 100vw, 1042px\" \/><\/figure>\n\n\n\n<figure class=\"wp-block-image size-full\"><img loading=\"lazy\" decoding=\"async\" width=\"1072\" height=\"690\" src=\"https:\/\/mindfitproject.eu\/wp-content\/uploads\/2025\/04\/Slika-zaslona-2025-04-30-u-17.12.40.png\" alt=\"\" class=\"wp-image-196\" srcset=\"https:\/\/mindfitproject.eu\/wp-content\/uploads\/2025\/04\/Slika-zaslona-2025-04-30-u-17.12.40.png 1072w, https:\/\/mindfitproject.eu\/wp-content\/uploads\/2025\/04\/Slika-zaslona-2025-04-30-u-17.12.40-300x193.png 300w, https:\/\/mindfitproject.eu\/wp-content\/uploads\/2025\/04\/Slika-zaslona-2025-04-30-u-17.12.40-1024x659.png 1024w\" sizes=\"auto, (max-width: 1072px) 100vw, 1072px\" \/><\/figure>\n\n\n\n<figure class=\"wp-block-image size-full\"><img loading=\"lazy\" decoding=\"async\" width=\"848\" height=\"794\" src=\"https:\/\/mindfitproject.eu\/wp-content\/uploads\/2025\/04\/Slika-zaslona-2025-04-30-u-17.12.45.png\" alt=\"\" class=\"wp-image-197\" srcset=\"https:\/\/mindfitproject.eu\/wp-content\/uploads\/2025\/04\/Slika-zaslona-2025-04-30-u-17.12.45.png 848w, https:\/\/mindfitproject.eu\/wp-content\/uploads\/2025\/04\/Slika-zaslona-2025-04-30-u-17.12.45-300x281.png 300w\" sizes=\"auto, (max-width: 848px) 100vw, 848px\" \/><\/figure>\n\n\n\n<figure class=\"wp-block-image size-full\"><img loading=\"lazy\" decoding=\"async\" width=\"994\" height=\"812\" src=\"https:\/\/mindfitproject.eu\/wp-content\/uploads\/2025\/04\/Slika-zaslona-2025-04-30-u-17.12.51.png\" alt=\"\" class=\"wp-image-198\" srcset=\"https:\/\/mindfitproject.eu\/wp-content\/uploads\/2025\/04\/Slika-zaslona-2025-04-30-u-17.12.51.png 994w, https:\/\/mindfitproject.eu\/wp-content\/uploads\/2025\/04\/Slika-zaslona-2025-04-30-u-17.12.51-300x245.png 300w\" sizes=\"auto, (max-width: 994px) 100vw, 994px\" \/><\/figure>\n\n\n\n<figure class=\"wp-block-image size-full\"><img loading=\"lazy\" decoding=\"async\" width=\"828\" height=\"742\" src=\"https:\/\/mindfitproject.eu\/wp-content\/uploads\/2025\/04\/Slika-zaslona-2025-04-30-u-17.12.57.png\" alt=\"\" class=\"wp-image-199\" srcset=\"https:\/\/mindfitproject.eu\/wp-content\/uploads\/2025\/04\/Slika-zaslona-2025-04-30-u-17.12.57.png 828w, https:\/\/mindfitproject.eu\/wp-content\/uploads\/2025\/04\/Slika-zaslona-2025-04-30-u-17.12.57-300x269.png 300w\" sizes=\"auto, (max-width: 828px) 100vw, 828px\" \/><\/figure>\n","protected":false},"excerpt":{"rendered":"<p>Istra\u017eivanje mentalnog zdravlja provedeno je pomo\u0107u\u00a0skra\u0107ene verzije MFQ upitnika (Moods and Feelings Questionnaire), koji mjeri simptome depresije kod adolescenata. Uz kvantitativne metode, kori\u0161tene su i kvalitativne \u2013 intervjui sa sporta\u0161ima, trenerima, roditeljima i stru\u010dnjacima te konzultacije sa stakeholderima. Klju\u010dni nalazi: Ovi podaci jasno ukazuju na potrebu za ranim prepoznavanjem simptoma i uvo\u0111enjem strukturirane podr\u0161ke. Rezultati &hellip; <\/p>\n<p class=\"link-more\"><a href=\"https:\/\/mindfitproject.eu\/?page_id=118\" class=\"more-link\">Read more<span class=\"screen-reader-text\"> &#8220;Istra\u017eivanje i rezultati&#8221;<\/span><\/a><\/p>\n","protected":false},"author":2,"featured_media":0,"parent":0,"menu_order":0,"comment_status":"closed","ping_status":"closed","template":"","meta":{"_uag_custom_page_level_css":"","footnotes":""},"class_list":["post-118","page","type-page","status-publish","hentry"],"uagb_featured_image_src":{"full":false,"thumbnail":false,"medium":false,"medium_large":false,"large":false,"1536x1536":false,"2048x2048":false,"inspiro-featured-image":false,"inspiro-loop":false,"inspiro-loop@2x":false},"uagb_author_info":{"display_name":"Martina","author_link":"https:\/\/mindfitproject.eu\/?author=2"},"uagb_comment_info":0,"uagb_excerpt":"Istra\u017eivanje mentalnog zdravlja provedeno je pomo\u0107u\u00a0skra\u0107ene verzije MFQ upitnika (Moods and Feelings Questionnaire), koji mjeri simptome depresije kod adolescenata. Uz kvantitativne metode, kori\u0161tene su i kvalitativne \u2013 intervjui sa sporta\u0161ima, trenerima, roditeljima i stru\u010dnjacima te konzultacije sa stakeholderima. Klju\u010dni nalazi: Ovi podaci jasno ukazuju na potrebu za ranim prepoznavanjem simptoma i uvo\u0111enjem strukturirane podr\u0161ke. Rezultati&hellip;","_links":{"self":[{"href":"https:\/\/mindfitproject.eu\/index.php?rest_route=\/wp\/v2\/pages\/118","targetHints":{"allow":["GET"]}}],"collection":[{"href":"https:\/\/mindfitproject.eu\/index.php?rest_route=\/wp\/v2\/pages"}],"about":[{"href":"https:\/\/mindfitproject.eu\/index.php?rest_route=\/wp\/v2\/types\/page"}],"author":[{"embeddable":true,"href":"https:\/\/mindfitproject.eu\/index.php?rest_route=\/wp\/v2\/users\/2"}],"replies":[{"embeddable":true,"href":"https:\/\/mindfitproject.eu\/index.php?rest_route=%2Fwp%2Fv2%2Fcomments&post=118"}],"version-history":[{"count":2,"href":"https:\/\/mindfitproject.eu\/index.php?rest_route=\/wp\/v2\/pages\/118\/revisions"}],"predecessor-version":[{"id":201,"href":"https:\/\/mindfitproject.eu\/index.php?rest_route=\/wp\/v2\/pages\/118\/revisions\/201"}],"wp:attachment":[{"href":"https:\/\/mindfitproject.eu\/index.php?rest_route=%2Fwp%2Fv2%2Fmedia&parent=118"}],"curies":[{"name":"wp","href":"https:\/\/api.w.org\/{rel}","templated":true}]}}